{"id":73,"date":"2019-11-27T16:53:45","date_gmt":"2019-11-27T16:53:45","guid":{"rendered":"https:\/\/rochefortlemaire.com\/?page_id=73"},"modified":"2019-11-27T18:34:55","modified_gmt":"2019-11-27T18:34:55","slug":"nos-services","status":"publish","type":"page","link":"https:\/\/rochefortlemaire.com\/?page_id=73","title":{"rendered":"Nos services"},"content":{"rendered":"\n<div class=\"wp-block-media-text alignwide is-stacked-on-mobile\"><figure class=\"wp-block-media-text__media\"><img loading=\"lazy\" decoding=\"async\" width=\"576\" height=\"1024\" src=\"https:\/\/rochefortlemaire.com\/wp-content\/uploads\/2019\/11\/15748745676018127-1-576x1024.jpg\" alt=\"\" class=\"wp-image-82\" srcset=\"https:\/\/rochefortlemaire.com\/wp-content\/uploads\/2019\/11\/15748745676018127-1-576x1024.jpg 576w, https:\/\/rochefortlemaire.com\/wp-content\/uploads\/2019\/11\/15748745676018127-1-169x300.jpg 169w, https:\/\/rochefortlemaire.com\/wp-content\/uploads\/2019\/11\/15748745676018127-1-768x1365.jpg 768w, https:\/\/rochefortlemaire.com\/wp-content\/uploads\/2019\/11\/15748745676018127-1-864x1536.jpg 864w, https:\/\/rochefortlemaire.com\/wp-content\/uploads\/2019\/11\/15748745676018127-1-1152x2048.jpg 1152w, https:\/\/rochefortlemaire.com\/wp-content\/uploads\/2019\/11\/15748745676018127-1.jpg 1180w\" sizes=\"auto, (max-width: 576px) 100vw, 576px\" \/><\/figure><div class=\"wp-block-media-text__content\">\n<h2 class=\"has-header-gradient-color has-text-color wp-block-heading\">Contr\u00f4leur interne en impartition<\/h2>\n\n\n\n<p>D\u00e9l\u00e9guez la supervision et le suivi de la comptabilit\u00e9 \u00e0 un expert pour vous concentrer sur vos forces. <br><\/p>\n\n\n\n<h2 class=\"has-accent-color has-text-color has-text-align-right wp-block-heading\"> Budget, pr\u00e9visions, indicateurs <\/h2>\n\n\n\n<p class=\"has-text-align-right\"> Obtenez d&rsquo;un seul coup d&rsquo;oeil l&rsquo;\u00e9volution de vos finances, votre situation \u00e9conomique et l&rsquo;influence de vos d\u00e9cisions. <br><\/p>\n\n\n\n<h2 class=\"has-header-gradient-color has-text-color wp-block-heading\"> \u00c9tats financiers et imp\u00f4ts <\/h2>\n\n\n\n<p> Recevez votre rapport et d\u00e9claration, certifi\u00e9 par des professionnels, dans un d\u00e9lai de temps surprenant. <\/p>\n<\/div><\/div>\n\n\n\n<hr class=\"wp-block-separator is-style-dots\"\/>\n","protected":false},"excerpt":{"rendered":"<p>Contr\u00f4leur interne en impartition D\u00e9l\u00e9guez la supervision et le suivi de la comptabilit\u00e9 \u00e0 un expert pour vous concentrer sur vos forces. Budget, pr\u00e9visions, indicateurs Obtenez d&rsquo;un seul coup d&rsquo;oeil l&rsquo;\u00e9volution de vos finances, votre situation \u00e9conomique et l&rsquo;influence de vos d\u00e9cisions. \u00c9tats financiers et imp\u00f4ts Recevez votre rapport et<a class=\"moretag\" href=\"https:\/\/rochefortlemaire.com\/?page_id=73\"> Lire la suite<\/a><\/p>\n","protected":false},"author":1,"featured_media":0,"parent":0,"menu_order":0,"comment_status":"closed","ping_status":"closed","template":"","meta":{"footnotes":""},"class_list":["post-73","page","type-page","status-publish","hentry"],"_links":{"self":[{"href":"https:\/\/rochefortlemaire.com\/index.php?rest_route=\/wp\/v2\/pages\/73","targetHints":{"allow":["GET"]}}],"collection":[{"href":"https:\/\/rochefortlemaire.com\/index.php?rest_route=\/wp\/v2\/pages"}],"about":[{"href":"https:\/\/rochefortlemaire.com\/index.php?rest_route=\/wp\/v2\/types\/page"}],"author":[{"embeddable":true,"href":"https:\/\/rochefortlemaire.com\/index.php?rest_route=\/wp\/v2\/users\/1"}],"replies":[{"embeddable":true,"href":"https:\/\/rochefortlemaire.com\/index.php?rest_route=%2Fwp%2Fv2%2Fcomments&post=73"}],"version-history":[{"count":10,"href":"https:\/\/rochefortlemaire.com\/index.php?rest_route=\/wp\/v2\/pages\/73\/revisions"}],"predecessor-version":[{"id":110,"href":"https:\/\/rochefortlemaire.com\/index.php?rest_route=\/wp\/v2\/pages\/73\/revisions\/110"}],"wp:attachment":[{"href":"https:\/\/rochefortlemaire.com\/index.php?rest_route=%2Fwp%2Fv2%2Fmedia&parent=73"}],"curies":[{"name":"wp","href":"https:\/\/api.w.org\/{rel}","templated":true}]}}